{"id":53,"date":"2019-04-18T11:16:34","date_gmt":"2019-04-18T11:16:34","guid":{"rendered":"https:\/\/envothemes.com\/envo-ecommerce\/?page_id=53"},"modified":"2025-05-02T20:29:37","modified_gmt":"2025-05-02T19:29:37","slug":"about-us","status":"publish","type":"page","link":"https:\/\/goat.net.pl\/?page_id=53","title":{"rendered":"O mnie"},"content":{"rendered":"<h2>O mnie<\/h2>\n<h5>Dopiero si\u0119 ucz\u0119 tworzy\u0107 w WordPress<\/h5>\n<p><img loading=\"lazy\" decoding=\"async\" src=\"https:\/\/goat.net.pl\/wp-content\/uploads\/2024\/10\/headphone-7868645_1280.webp\" sizes=\"auto, (max-width: 800px) 100vw, 800px\" srcset=\"https:\/\/goat.net.pl\/wp-content\/uploads\/2024\/10\/headphone-7868645_1280.webp 800w, https:\/\/goat.net.pl\/wp-content\/uploads\/2024\/10\/headphone-7868645_1280-231x300.webp 231w, https:\/\/goat.net.pl\/wp-content\/uploads\/2024\/10\/headphone-7868645_1280-788x1024.webp 788w, https:\/\/goat.net.pl\/wp-content\/uploads\/2024\/10\/headphone-7868645_1280-768x998.webp 768w, https:\/\/goat.net.pl\/wp-content\/uploads\/2024\/10\/headphone-7868645_1280-600x780.webp 600w\" alt=\"\" width=\"800\" height=\"1040\" \/><\/p>\n","protected":false},"excerpt":{"rendered":"<p>O mnie Dopiero si\u0119 ucz\u0119 tworzy\u0107 w WordPress<\/p>\n","protected":false},"author":1,"featured_media":0,"parent":0,"menu_order":0,"comment_status":"closed","ping_status":"closed","template":"templates\/template-page-builders.php","meta":{"footnotes":""},"class_list":["post-53","page","type-page","status-publish","hentry"],"_links":{"self":[{"href":"https:\/\/goat.net.pl\/index.php?rest_route=\/wp\/v2\/pages\/53","targetHints":{"allow":["GET"]}}],"collection":[{"href":"https:\/\/goat.net.pl\/index.php?rest_route=\/wp\/v2\/pages"}],"about":[{"href":"https:\/\/goat.net.pl\/index.php?rest_route=\/wp\/v2\/types\/page"}],"author":[{"embeddable":true,"href":"https:\/\/goat.net.pl\/index.php?rest_route=\/wp\/v2\/users\/1"}],"replies":[{"embeddable":true,"href":"https:\/\/goat.net.pl\/index.php?rest_route=%2Fwp%2Fv2%2Fcomments&post=53"}],"version-history":[{"count":1,"href":"https:\/\/goat.net.pl\/index.php?rest_route=\/wp\/v2\/pages\/53\/revisions"}],"predecessor-version":[{"id":1069,"href":"https:\/\/goat.net.pl\/index.php?rest_route=\/wp\/v2\/pages\/53\/revisions\/1069"}],"wp:attachment":[{"href":"https:\/\/goat.net.pl\/index.php?rest_route=%2Fwp%2Fv2%2Fmedia&parent=53"}],"curies":[{"name":"wp","href":"https:\/\/api.w.org\/{rel}","templated":true}]}}